{"id":2081,"date":"2020-01-30T12:26:32","date_gmt":"2020-01-30T12:26:32","guid":{"rendered":"https:\/\/sujipuli.org\/a-propos-de-nous\/"},"modified":"2026-04-20T01:37:08","modified_gmt":"2026-04-20T01:37:08","slug":"a-propos-de-nous","status":"publish","type":"page","link":"https:\/\/sujipuli.org\/fr\/a-propos-de-nous\/","title":{"rendered":"A propos"},"content":{"rendered":"\n<div class=\"wp-block-cover is-light alignfull\" style=\"min-height:500px;aspect-ratio:unset;\"><span aria-hidden=\"true\" class=\"wp-block-cover__background has-background-dim-0 has-background-dim\"><\/span><img loading=\"lazy\" decoding=\"async\" width=\"4079\" height=\"1104\" class=\"wp-block-cover__image-background wp-image-1240\" alt=\"\" src=\"https:\/\/sujipuli.org\/wp-content\/uploads\/2021\/03\/TEAM_7.png\" style=\"object-position:56% 0%\" data-object-fit=\"cover\" data-object-position=\"56% 0%\" srcset=\"https:\/\/sujipuli.org\/wp-content\/uploads\/2021\/03\/TEAM_7.png 4079w, https:\/\/sujipuli.org\/wp-content\/uploads\/2021\/03\/TEAM_7-300x81.png 300w, https:\/\/sujipuli.org\/wp-content\/uploads\/2021\/03\/TEAM_7-1024x277.png 1024w, https:\/\/sujipuli.org\/wp-content\/uploads\/2021\/03\/TEAM_7-768x208.png 768w, https:\/\/sujipuli.org\/wp-content\/uploads\/2021\/03\/TEAM_7-1536x416.png 1536w, https:\/\/sujipuli.org\/wp-content\/uploads\/2021\/03\/TEAM_7-2048x554.png 2048w, https:\/\/sujipuli.org\/wp-content\/uploads\/2021\/03\/TEAM_7-1920x520.png 1920w\" sizes=\"auto, (max-width: 4079px) 100vw, 4079px\" \/><div class=\"wp-block-cover__inner-container is-layout-flow wp-block-cover-is-layout-flow\">\n<p class=\"has-text-align-center has-large-font-size\"><\/p>\n<\/div><\/div>\n\n<div style=\"height:50px\" aria-hidden=\"true\" class=\"wp-block-spacer\"><\/div>\n\n<div class=\"wp-block-group is-style-has-background-img\"><div class=\"wp-block-group__inner-container is-layout-flow wp-block-group-is-layout-flow\">\n<p class=\"has-text-align-center has-text-color has-large-font-size\" style=\"color:#4699d7\"><strong>A PROPOS DE NOUS<\/strong><\/p>\n\n\n\n<p>Le Laos est un pays d\u2019Asie du Sud-Est comptant 7 millions d\u2019habitants, dont 60 % ont moins de 25 ans. Il est class\u00e9 par les Nations Unies parmi les pays les moins avanc\u00e9s sur le plan socio-\u00e9conomique. Le Laos est riche d\u2019une grande diversit\u00e9 culturelle, avec environ cinquante groupes ethniques. Le taux d\u2019alphab\u00e9tisation reste faible parmi la jeune g\u00e9n\u00e9ration, tout comme les performances scolaires, laissant les \u00e9l\u00e8ves sans les connaissances et comp\u00e9tences essentielles pour construire leurs projets d\u2019avenir.<\/p>\n\n\n\n<p>Le projet du centre <strong>SALA SUJIPULI<\/strong> est n\u00e9 du constat d\u2019un manque d\u2019espaces d\u2019\u00e9ducation et d\u2019apprentissage permettant de renforcer le potentiel des jeunes g\u00e9n\u00e9rations, ainsi que de l\u2019urbanisation des villes, entra\u00eenant un \u00e9loignement entre les g\u00e9n\u00e9rations et une perte de transmission culturelle.<\/p>\n\n\n\n<p>Le projet est d\u00e9velopp\u00e9 en partenariat avec l\u2019association locale \u00e0 but non lucratif Namjai Community Association \u00e0 Vientiane.<\/p>\n\n\n\n<div class=\"wp-block-columns is-layout-flex wp-container-core-columns-is-layout-9d6595d7 wp-block-columns-is-layout-flex\">\n<div class=\"wp-block-column is-layout-flow wp-block-column-is-layout-flow\">\n<p class=\"has-text-align-center has-background\" style=\"background-color:#ffffff;font-size:33px\"><strong>Vision<\/strong><\/p>\n\n\n\n<!--more-->\n\n\n\n<p class=\"has-text-align-left\">Notre vision est de promouvoir l\u2019alphab\u00e9tisation fonctionnelle lao, notamment \u00e0 travers les traditions orales, et de valoriser plus largement la culture lao au sein de la soci\u00e9t\u00e9 urbaine, en particulier aupr\u00e8s des enfants.<br\/><br\/>Nous croyons que l\u2019alphab\u00e9tisation constitue un fondement indispensable de l\u2019apprentissage tout au long de la vie, essentiel pour permettre \u00e0 chacun de mener une vie saine et \u00e9panouie. Nous consid\u00e9rons que l\u2019alphab\u00e9tisation comprend des pratiques diverses, \u00e0 la fois \u00e0 l\u2019int\u00e9rieur et \u00e0 l\u2019ext\u00e9rieur de l\u2019\u00e9cole.<br\/>Nous reconnaissons l\u2019alphab\u00e9tisation comme faisant partie d\u2019un continuum d\u2019apprentissage permettant \u00e0 chaque individu d\u2019atteindre ses objectifs, de d\u00e9velopper ses connaissances et son potentiel, afin de participer activement \u00e0 la vie des communaut\u00e9s et de la soci\u00e9t\u00e9 dans son ensemble.<br\/><br\/>Au Laos, le taux d\u2019alphab\u00e9tisation fonctionnelle (c\u2019est-\u00e0-dire la capacit\u00e9 \u00e0 lire un journal et \u00e0 r\u00e9diger un document) est tr\u00e8s faible chez les adultes, et encore plus chez les enfants. Selon l\u2019Institut de statistique de l\u2019UNESCO (UIS), seulement 82 % des enfants inscrits ach\u00e8vent leur enseignement primaire. Les r\u00e9sultats d\u2019apprentissage des \u00e9l\u00e8ves sont \u00e9galement tr\u00e8s faibles, laissant les enfants sans les connaissances et comp\u00e9tences essentielles.<br\/><br\/>Nous croyons que l\u2019\u00e9ducation est un levier de changement.<br\/><br\/>En ajoutant le fait que la ville de Vientiane s\u2019est largement urbanis\u00e9e et que les structures familiales \u00e9largies, o\u00f9 les personnes \u00e2g\u00e9es prenaient soin des enfants, tendent \u00e0 dispara\u00eetre, se pose le d\u00e9fi de la transmission des traditions et de la culture d\u2019une g\u00e9n\u00e9ration \u00e0 l\u2019autre.<br\/><br\/>Nous aspirons \u00e0 une soci\u00e9t\u00e9 o\u00f9 les enfants et les jeunes sont pr\u00e9par\u00e9s \u00e0 r\u00e9ussir, enrichis par leur culture, o\u00f9 ils disposent des comp\u00e9tences et des informations n\u00e9cessaires pour prendre des d\u00e9cisions \u00e9clair\u00e9es concernant leur avenir, et o\u00f9 ils peuvent acc\u00e9der \u00e0 des emplois adapt\u00e9s \u00e0 leurs qualifications, leurs espoirs et leurs aspirations.<\/p>\n<\/div>\n\n\n\n<div class=\"wp-block-column is-layout-flow wp-block-column-is-layout-flow\">\n<p class=\"has-text-align-center has-background\" style=\"background-color:#ffffff;font-size:33px\"><strong>Mission<\/strong><\/p>\n\n\n\n<p class=\"has-text-align-left\">Notre mission est de promouvoir l\u2019alphab\u00e9tisation et la culture lao aupr\u00e8s des enfants afin de contribuer \u00e0 une culture de paix. <strong>SALA SUJIPUL<\/strong>I sera un espace ouvert \u00e0 la communaut\u00e9 locale, gratuit, servant d\u2019incubateur d\u2019\u00e9changes et de d\u00e9veloppement, visant \u00e0 :<\/p>\n\n\n\n<p class=\"has-text-align-left\">\u2022 sensibiliser et renforcer la compr\u00e9hension de <strong>l\u2019importance de la culture et des traditions lao<\/strong>.<\/p>\n\n\n\n<p class=\"has-text-align-left\"><br\/>\u2022 promouvoir la culture de<strong> la lecture et du r\u00e9cit<\/strong>, et plus largement les arts comme moyen de communication universelle.<\/p>\n\n\n\n<p class=\"has-text-align-left\"><br\/>\u2022 cr\u00e9er un <strong>espace de dialogue <\/strong>visant \u00e0 renforcer la communication entre tous les segments de la soci\u00e9t\u00e9.<\/p>\n\n\n\n<p class=\"has-text-align-left\"><br\/>\u2022 donner aux jeunes \u00e9crivains, artistes et talents les moyens de <strong>s\u2019exprimer et de se d\u00e9velopper,<\/strong> en renfor\u00e7ant leurs comp\u00e9tences et en leur offrant un espace pour cr\u00e9er, produire leurs \u0153uvres et rencontrer le public.<\/p>\n\n\n\n<p class=\"has-text-align-left\"><br\/>\u2022 familiariser le public avec<strong> les nouvelles technologies<\/strong> en proposant des formations ainsi qu\u2019un acc\u00e8s \u00e0 Internet, aux r\u00e9seaux sociaux et \u00e0 des logiciels libres et de base.<\/p>\n<\/div>\n<\/div>\n\n\n\n<p class=\"has-text-align-center\" style=\"font-size:33px\"><strong>Namjai Community Association<\/strong><\/p>\n\n\n\n<p class=\"has-text-align-left\">L\u2019objectif de Namjai Community Association est de d\u00e9velopper une \u00e9ducation optimale pour les enfants, de promouvoir l\u2019\u00e9galit\u00e9 de genre et de garantir la protection des enfants et des femmes contre les violences. Namjai travaille en R\u00e9publique d\u00e9mocratique populaire lao, en poursuivant la mise en \u0153uvre de projets \u00e9tablis sous l\u2019\u00e9gide de la respect\u00e9e organisation Norwegian Church Aid. La cr\u00e9ation de l\u2019organisation, en tant qu\u2019association \u00e0 but non lucratif, a \u00e9t\u00e9 approuv\u00e9e par le minist\u00e8re de l\u2019Int\u00e9rieur de la RDP lao le 4 avril 2019.<\/p>\n\n\n<div class=\"wp-block-image is-style-default\">\n<figure class=\"aligncenter size-large is-resized\"><a href=\"http:\/\/ncalaos.org\/\"><img loading=\"lazy\" decoding=\"async\" width=\"300\" height=\"188\" src=\"https:\/\/sujipuli.org\/wp-content\/uploads\/2020\/10\/NCA.png\" alt=\"\" class=\"wp-image-290\" style=\"width:260px\"\/><\/a><\/figure>\n<\/div>\n\n\n<div style=\"height:50px\" aria-hidden=\"true\" class=\"wp-block-spacer\"><\/div>\n\n\n\n<p><\/p>\n<\/div><\/div>\n","protected":false},"excerpt":{"rendered":"<p>Vision Vision A PROPOS DE NOUS Le Laos est un pays d\u2019Asie du Sud-Est comptant 7 millions d\u2019habitants, dont 60 % ont moins de 25 ans. Il est class\u00e9 par les Nations Unies parmi les pays les moins avanc\u00e9s sur le plan socio-\u00e9conomique. Le Laos est riche d\u2019une grande diversit\u00e9 culturelle, avec environ cinquante groupes<a class=\"excerpt-read-more\" href=\"https:\/\/sujipuli.org\/fr\/a-propos-de-nous\/\" title=\"ReadA propos\">&#8230; Read more &raquo;<\/a><\/p>\n","protected":false},"author":2,"featured_media":0,"parent":0,"menu_order":0,"comment_status":"closed","ping_status":"closed","template":"","meta":{"_acf_changed":false,"footnotes":""},"class_list":["post-2081","page","type-page","status-publish","hentry"],"acf":[],"_links":{"self":[{"href":"https:\/\/sujipuli.org\/fr\/wp-json\/wp\/v2\/pages\/2081","targetHints":{"allow":["GET"]}}],"collection":[{"href":"https:\/\/sujipuli.org\/fr\/wp-json\/wp\/v2\/pages"}],"about":[{"href":"https:\/\/sujipuli.org\/fr\/wp-json\/wp\/v2\/types\/page"}],"author":[{"embeddable":true,"href":"https:\/\/sujipuli.org\/fr\/wp-json\/wp\/v2\/users\/2"}],"replies":[{"embeddable":true,"href":"https:\/\/sujipuli.org\/fr\/wp-json\/wp\/v2\/comments?post=2081"}],"version-history":[{"count":3,"href":"https:\/\/sujipuli.org\/fr\/wp-json\/wp\/v2\/pages\/2081\/revisions"}],"predecessor-version":[{"id":2088,"href":"https:\/\/sujipuli.org\/fr\/wp-json\/wp\/v2\/pages\/2081\/revisions\/2088"}],"wp:attachment":[{"href":"https:\/\/sujipuli.org\/fr\/wp-json\/wp\/v2\/media?parent=2081"}],"curies":[{"name":"wp","href":"https:\/\/api.w.org\/{rel}","templated":true}]}}