{"id":1656,"date":"2020-02-03T09:42:13","date_gmt":"2020-02-03T09:42:13","guid":{"rendered":"https:\/\/sujipuli.org\/le-centre\/"},"modified":"2026-04-19T11:34:49","modified_gmt":"2026-04-19T11:34:49","slug":"le-centre","status":"publish","type":"page","link":"https:\/\/sujipuli.org\/fr\/le-centre\/","title":{"rendered":"Les Centres"},"content":{"rendered":"\n<div class=\"wp-block-cover alignfull is-light\" style=\"min-height:500px;aspect-ratio:unset;\"><span aria-hidden=\"true\" class=\"wp-block-cover__background has-background-dim-0 has-background-dim\" style=\"background-color:#b2ada4\"><\/span><img loading=\"lazy\" decoding=\"async\" width=\"2560\" height=\"1707\" class=\"wp-block-cover__image-background wp-image-1840\" alt=\"\" src=\"https:\/\/sujipuli.org\/wp-content\/uploads\/2025\/07\/CENTER_1-scaled.jpg\" data-object-fit=\"cover\" srcset=\"https:\/\/sujipuli.org\/wp-content\/uploads\/2025\/07\/CENTER_1-scaled.jpg 2560w, https:\/\/sujipuli.org\/wp-content\/uploads\/2025\/07\/CENTER_1-300x200.jpg 300w, https:\/\/sujipuli.org\/wp-content\/uploads\/2025\/07\/CENTER_1-1024x683.jpg 1024w, https:\/\/sujipuli.org\/wp-content\/uploads\/2025\/07\/CENTER_1-768x512.jpg 768w, https:\/\/sujipuli.org\/wp-content\/uploads\/2025\/07\/CENTER_1-1536x1024.jpg 1536w, https:\/\/sujipuli.org\/wp-content\/uploads\/2025\/07\/CENTER_1-2048x1365.jpg 2048w, https:\/\/sujipuli.org\/wp-content\/uploads\/2025\/07\/CENTER_1-1920x1280.jpg 1920w\" sizes=\"auto, (max-width: 2560px) 100vw, 2560px\" \/><div class=\"wp-block-cover__inner-container is-layout-flow wp-block-cover-is-layout-flow\">\n<p class=\"has-text-align-center has-large-font-size\"><\/p>\n<\/div><\/div>\n\n<div style=\"height:50px\" aria-hidden=\"true\" class=\"wp-block-spacer\"><\/div>\n\n<div class=\"wp-block-group is-style-has-background-img\"><div class=\"wp-block-group__inner-container is-layout-flow wp-block-group-is-layout-flow\">\n<p class=\"has-text-align-center has-text-color has-large-font-size\" style=\"color:#4699d7\"><strong>SALA SUJIPULI &#8211; VIENTIANE<\/strong><\/p>\n\n\n\n<p>SALA SUJIPULI est situ\u00e9 dans le village de Simeuang, dans la capitale Vientiane, dans un b\u00e2timent de trois \u00e9tages qui a \u00e9t\u00e9 mis \u00e0 disposition gratuitement par une propri\u00e9taire du quartier.<\/p>\n\n\n\n<p>Le centre est ouvert gratuitement \u00e0 tous les enfants et \u00e0 leurs familles. L&rsquo;espace est divis\u00e9 en trois zones principales : une sala litt\u00e9raire, une biblioth\u00e8que et des ateliers.<\/p>\n\n\n\n<p>SALA SUJIPULI est divis\u00e9 en trois zones principales :<\/p>\n\n\n\n<ol class=\"wp-block-list\">\n<li>La biblioth\u00e8que pr\u00e9sentera une s\u00e9lection de livres, encyclop\u00e9dies, dictionnaires, magazines, journaux, etc., disponibles en diff\u00e9rentes langues, tandis qu\u2019un centre multim\u00e9dia offrira plusieurs postes de travail ainsi qu\u2019un acc\u00e8s \u00e0 Internet et \u00e0 des services informatiques.<\/li>\n\n\n\n<li>La sala litt\u00e9raire offrira \u00e0 la communaut\u00e9 un espace confortable et dynamique o\u00f9 la litt\u00e9rature et la lecture pourront \u00eatre appr\u00e9ci\u00e9es. La sala accueillera des \u00e9crivains, des po\u00e8tes, des conteurs et des artistes du Laos ou de l\u2019\u00e9tranger, et vise \u00e0 \u00e9tablir des liens directs et positifs entre l\u2019auteur et le public. La sala proposera \u00e9galement une s\u00e9lection de jeux traditionnels et de jeux de soci\u00e9t\u00e9, offrant une grande vari\u00e9t\u00e9 d\u2019opportunit\u00e9s de jeu et d\u2019apprentissage.<\/li>\n\n\n\n<li>Les ateliers offriront des espaces flexibles pour des formations, des \u00e9changes ou des repr\u00e9sentations.<\/li>\n<\/ol>\n\n\n\n<figure class=\"wp-block-image size-large\"><img loading=\"lazy\" decoding=\"async\" width=\"1024\" height=\"343\" src=\"https:\/\/sujipuli.org\/wp-content\/uploads\/2020\/11\/BUILDING_3-1024x343.png\" alt=\"\" class=\"wp-image-782\" srcset=\"https:\/\/sujipuli.org\/wp-content\/uploads\/2020\/11\/BUILDING_3-1024x343.png 1024w, https:\/\/sujipuli.org\/wp-content\/uploads\/2020\/11\/BUILDING_3-300x101.png 300w, https:\/\/sujipuli.org\/wp-content\/uploads\/2020\/11\/BUILDING_3-768x257.png 768w, https:\/\/sujipuli.org\/wp-content\/uploads\/2020\/11\/BUILDING_3-1536x515.png 1536w, https:\/\/sujipuli.org\/wp-content\/uploads\/2020\/11\/BUILDING_3-2048x687.png 2048w, https:\/\/sujipuli.org\/wp-content\/uploads\/2020\/11\/BUILDING_3-1920x644.png 1920w\" sizes=\"auto, (max-width: 1024px) 100vw, 1024px\" \/><\/figure>\n<\/div><\/div>\n\n<div style=\"height:50px\" aria-hidden=\"true\" class=\"wp-block-spacer\"><\/div>\n\n<p><\/p>\n\n<div class=\"wp-block-group is-style-has-background-img\"><div class=\"wp-block-group__inner-container is-layout-flow wp-block-group-is-layout-flow\">\n<p class=\"has-text-align-center has-text-color has-large-font-size\" style=\"color:#4699d7\"><strong>PASOM PASAN &#8211; LUANG PRABANG<\/strong><\/p>\n\n\n\n<p>PASOM PASAN est situ\u00e9 \u00e0 Luang Prabang et a \u00e9t\u00e9 cr\u00e9\u00e9 comme une nouvelle \u00e9tape apr\u00e8s cinq ann\u00e9es d\u2019exp\u00e9rience dans le travail avec la jeunesse et l\u2019\u00e9ducation culturelle. Nous sommes fiers d\u2019ouvrir ce nouveau centre d\u00e9di\u00e9 aux arts, \u00e0 l\u2019artisanat et \u00e0 la formation cr\u00e9ative pour les jeunes.<\/p>\n\n\n\n<p>Le centre est ouvert aux jeunes et aux jeunes adultes, offrant des opportunit\u00e9s d\u2019apprendre des savoir-faire artisanaux traditionnels tout en explorant de nouvelles id\u00e9es et de nouveaux designs. L\u2019espace est organis\u00e9 pour favoriser l\u2019apprentissage, l\u2019exp\u00e9rimentation et la transmission culturelle par la pratique directe.<\/p>\n\n\n\n<p><strong>PASOM PASAN a pour objectif de renforcer l\u2019autonomie des jeunes gr\u00e2ce \u00e0 l\u2019artisanat, \u00e0 la cr\u00e9ativit\u00e9 et \u00e0 la fiert\u00e9 culturelle, tout en contribuant \u00e0 la pr\u00e9servation et au renouveau des traditions artisanales lao.<\/strong><\/p>\n\n\n\n<p>PASOM PASAN est organis\u00e9 en deux espaces principaux :<\/p>\n\n\n\n<ol class=\"wp-block-list\">\n<li>L\u2019Espace de Design et de Cr\u00e9ation propose un environnement flexible permettant aux jeunes de d\u00e9velopper leurs propres projets, d\u2019exp\u00e9rimenter diff\u00e9rents mat\u00e9riaux et de collaborer \u00e0 des productions cr\u00e9atives. Cet espace favorise l\u2019innovation tout en restant ancr\u00e9 dans les traditions artisanales locales.<\/li>\n\n\n\n<li>L\u2019Espace des Ateliers d\u2019Artisanat offre des espaces pratiques o\u00f9 les participants d\u00e9couvrent et apprennent des techniques traditionnelles telles que la fabrication du papier Saa, la sculpture sur bois, le tressage du bambou et d\u2019autres savoir-faire artisanaux. Ces ateliers encouragent \u00e0 la fois la transmission des savoir-faire traditionnels et l\u2019exploration de nouvelles formes et de nouveaux designs.<\/li>\n<\/ol>\n\n\n\n<figure class=\"wp-block-image size-large\"><img loading=\"lazy\" decoding=\"async\" width=\"1024\" height=\"1024\" src=\"https:\/\/sujipuli.org\/wp-content\/uploads\/2026\/04\/00_PRESENTATION_1-1024x1024.jpg\" alt=\"\" class=\"wp-image-1998\" srcset=\"https:\/\/sujipuli.org\/wp-content\/uploads\/2026\/04\/00_PRESENTATION_1-1024x1024.jpg 1024w, https:\/\/sujipuli.org\/wp-content\/uploads\/2026\/04\/00_PRESENTATION_1-300x300.jpg 300w, https:\/\/sujipuli.org\/wp-content\/uploads\/2026\/04\/00_PRESENTATION_1-150x150.jpg 150w, https:\/\/sujipuli.org\/wp-content\/uploads\/2026\/04\/00_PRESENTATION_1-768x768.jpg 768w, https:\/\/sujipuli.org\/wp-content\/uploads\/2026\/04\/00_PRESENTATION_1-1536x1536.jpg 1536w, https:\/\/sujipuli.org\/wp-content\/uploads\/2026\/04\/00_PRESENTATION_1-2048x2048.jpg 2048w, https:\/\/sujipuli.org\/wp-content\/uploads\/2026\/04\/00_PRESENTATION_1-1920x1920.jpg 1920w, https:\/\/sujipuli.org\/wp-content\/uploads\/2026\/04\/00_PRESENTATION_1-125x125.jpg 125w\" sizes=\"auto, (max-width: 1024px) 100vw, 1024px\" \/><\/figure>\n<\/div><\/div>\n","protected":false},"excerpt":{"rendered":"<p>SALA SUJIPULI &#8211; VIENTIANE SALA SUJIPULI est situ\u00e9 dans le village de Simeuang, dans la capitale Vientiane, dans un b\u00e2timent de trois \u00e9tages qui a \u00e9t\u00e9 mis \u00e0 disposition gratuitement par une propri\u00e9taire du quartier. Le centre est ouvert gratuitement \u00e0 tous les enfants et \u00e0 leurs familles. L&rsquo;espace est divis\u00e9 en trois zones principales<a class=\"excerpt-read-more\" href=\"https:\/\/sujipuli.org\/fr\/le-centre\/\" title=\"ReadLes Centres\">&#8230; Read more &raquo;<\/a><\/p>\n","protected":false},"author":2,"featured_media":0,"parent":0,"menu_order":0,"comment_status":"closed","ping_status":"closed","template":"","meta":{"_acf_changed":false,"footnotes":""},"class_list":["post-1656","page","type-page","status-publish","hentry"],"acf":[],"_links":{"self":[{"href":"https:\/\/sujipuli.org\/fr\/wp-json\/wp\/v2\/pages\/1656","targetHints":{"allow":["GET"]}}],"collection":[{"href":"https:\/\/sujipuli.org\/fr\/wp-json\/wp\/v2\/pages"}],"about":[{"href":"https:\/\/sujipuli.org\/fr\/wp-json\/wp\/v2\/types\/page"}],"author":[{"embeddable":true,"href":"https:\/\/sujipuli.org\/fr\/wp-json\/wp\/v2\/users\/2"}],"replies":[{"embeddable":true,"href":"https:\/\/sujipuli.org\/fr\/wp-json\/wp\/v2\/comments?post=1656"}],"version-history":[{"count":5,"href":"https:\/\/sujipuli.org\/fr\/wp-json\/wp\/v2\/pages\/1656\/revisions"}],"predecessor-version":[{"id":2058,"href":"https:\/\/sujipuli.org\/fr\/wp-json\/wp\/v2\/pages\/1656\/revisions\/2058"}],"wp:attachment":[{"href":"https:\/\/sujipuli.org\/fr\/wp-json\/wp\/v2\/media?parent=1656"}],"curies":[{"name":"wp","href":"https:\/\/api.w.org\/{rel}","templated":true}]}}