{"id":1648,"date":"2020-02-03T11:32:54","date_gmt":"2020-02-03T11:32:54","guid":{"rendered":"https:\/\/sujipuli.org\/sujipuli-suisse-laos\/"},"modified":"2025-07-08T03:53:04","modified_gmt":"2025-07-08T03:53:04","slug":"sujipuli-suisse-laos","status":"publish","type":"page","link":"https:\/\/sujipuli.org\/fr\/sujipuli-suisse-laos\/","title":{"rendered":"NOS PARTENAIRES"},"content":{"rendered":"\n<div class=\"wp-block-cover is-light alignfull\" style=\"min-height:500px;aspect-ratio:unset;\"><span aria-hidden=\"true\" class=\"wp-block-cover__background has-background-dim-0 has-background-dim\" style=\"background-color:#bfa989\"><\/span><img loading=\"lazy\" decoding=\"async\" width=\"2560\" height=\"1707\" class=\"wp-block-cover__image-background wp-image-1867\" alt=\"\" src=\"https:\/\/sujipuli.org\/wp-content\/uploads\/2025\/07\/00_KID_3-scaled.jpg\" style=\"object-position:69% 35%\" data-object-fit=\"cover\" data-object-position=\"69% 35%\" srcset=\"https:\/\/sujipuli.org\/wp-content\/uploads\/2025\/07\/00_KID_3-scaled.jpg 2560w, https:\/\/sujipuli.org\/wp-content\/uploads\/2025\/07\/00_KID_3-300x200.jpg 300w, https:\/\/sujipuli.org\/wp-content\/uploads\/2025\/07\/00_KID_3-1024x683.jpg 1024w, https:\/\/sujipuli.org\/wp-content\/uploads\/2025\/07\/00_KID_3-768x512.jpg 768w, https:\/\/sujipuli.org\/wp-content\/uploads\/2025\/07\/00_KID_3-1536x1024.jpg 1536w, https:\/\/sujipuli.org\/wp-content\/uploads\/2025\/07\/00_KID_3-2048x1365.jpg 2048w, https:\/\/sujipuli.org\/wp-content\/uploads\/2025\/07\/00_KID_3-1920x1280.jpg 1920w\" sizes=\"auto, (max-width: 2560px) 100vw, 2560px\" \/><div class=\"wp-block-cover__inner-container is-layout-flow wp-block-cover-is-layout-flow\">\n<p class=\"has-text-align-center has-large-font-size\"><\/p>\n<\/div><\/div>\n\n<div style=\"height:50px\" aria-hidden=\"true\" class=\"wp-block-spacer\"><\/div>\n\n<div class=\"wp-block-group is-style-has-background-img\"><div class=\"wp-block-group__inner-container is-layout-flow wp-block-group-is-layout-flow\">\n<p class=\"has-text-align-center has-text-color has-background has-large-font-size\" style=\"color:#4699d7;background-color:#ffffff00\"><strong>NOS PARTENAIRES<\/strong><\/p>\n\n\n\n<p class=\"has-text-align-center\">Pour continuer \u00e0 se d\u00e9velopper et \u00e0 mener \u00e0 bien ses missions, <br\/>Sala Sujipuli <strong>a besoin de votre aide.<\/strong><\/p>\n\n\n\n<p class=\"has-text-align-center\"><br\/>Pour soutenir le projet au Laos, SALA SUJIPULI b\u00e9n\u00e9ficie du soutien <br\/>de deux associations partenaires :<\/p>\n\n\n\n<p class=\"has-text-align-center has-text-color has-background has-large-font-size\" style=\"color:#4699d7;background-color:#ffffff00\"><strong><mark style=\"background-color:#4699d7;color:#ffffff\" class=\"has-inline-color\">ASSOCIATION<\/mark> <\/strong><br\/><strong>SUJIPULI SUISSE-LAOS<\/strong><\/p>\n\n\n\n<p class=\"has-text-align-center\"><strong>Bas\u00e9e en Suisse<\/strong>, l&rsquo;association soutient le d\u00e9veloppement du centre.<br\/>Elle \u0153uvre au renforcement des liens entre la Suisse et le Laos par le biais d&rsquo;actions <br\/>et d&rsquo;un soutien financier.<\/p>\n\n\n\n<p class=\"has-text-align-center\"><\/p>\n\n\n<div class=\"wp-block-image\">\n<figure class=\"aligncenter size-large is-resized\"><img loading=\"lazy\" decoding=\"async\" width=\"459\" height=\"322\" src=\"https:\/\/sujipuli.org\/wp-content\/uploads\/2020\/10\/DONATE.png\" alt=\"\" class=\"wp-image-543\" style=\"width:200px\" srcset=\"https:\/\/sujipuli.org\/wp-content\/uploads\/2020\/10\/DONATE.png 459w, https:\/\/sujipuli.org\/wp-content\/uploads\/2020\/10\/DONATE-300x210.png 300w\" sizes=\"auto, (max-width: 459px) 100vw, 459px\" \/><\/figure>\n<\/div>\n\n\n<p class=\"has-text-align-center has-text-color has-large-font-size\" style=\"color:#4699d7\"><strong>DON<\/strong><\/p>\n\n\n\n<p class=\"has-text-align-center has-text-color has-background has-medium-font-size\" style=\"color:#ffffff;background-color:#4699d7\">IBAN CH52 0900 0000 1546 3699 8<\/p>\n\n\n\n<p class=\"has-text-align-center\">BIC (SWIFT) : POFICHBEXXX<br\/>PostFinance SA<br\/>Mingerstrasse 20, 3030 Berne, Suisse<\/p>\n\n\n\n<hr class=\"wp-block-separator has-css-opacity alignwide\"\/>\n<\/div><\/div>\n\n<div class=\"wp-block-group is-style-has-background-img\"><div class=\"wp-block-group__inner-container is-layout-flow wp-block-group-is-layout-flow\">\n<p class=\"has-text-align-center has-text-color has-background has-large-font-size\" style=\"color:#4699d7;background-color:#ffffff00\"><strong><mark style=\"background-color:#4699d7;color:#ffffff\" class=\"has-inline-color\">ASSOCIATION<\/mark> <\/strong><br\/><strong>SUJIPULI FRANCE-LAOS<\/strong><\/p>\n\n\n\n<p class=\"has-text-align-center\"><strong>Cr\u00e9\u00e9e en France<\/strong>, elle a rejoint le projet pour s&rsquo;engager aupr\u00e8s du centre afin de renforcer ses racines et de soutenir ses initiatives \u00e9ducatives et culturelles.<\/p>\n\n\n\n<p class=\"has-text-align-center\"><\/p>\n\n\n\n<p class=\"has-text-align-center\"><\/p>\n\n\n<div class=\"wp-block-image\">\n<figure class=\"aligncenter size-large is-resized\"><img loading=\"lazy\" decoding=\"async\" width=\"459\" height=\"322\" src=\"https:\/\/sujipuli.org\/wp-content\/uploads\/2020\/10\/DONATE.png\" alt=\"\" class=\"wp-image-543\" style=\"width:200px\" srcset=\"https:\/\/sujipuli.org\/wp-content\/uploads\/2020\/10\/DONATE.png 459w, https:\/\/sujipuli.org\/wp-content\/uploads\/2020\/10\/DONATE-300x210.png 300w\" sizes=\"auto, (max-width: 459px) 100vw, 459px\" \/><\/figure>\n<\/div>\n\n\n<p class=\"has-text-align-center has-text-color has-large-font-size\" style=\"color:#4699d7\"><strong>DON<\/strong><\/p>\n\n\n\n<p class=\"has-text-align-center has-text-color has-background has-medium-font-size\" style=\"color:#ffffff;background-color:#4699d7\">IBAN FR76 1027 8060 6900 0207 1630 180<\/p>\n\n\n\n<p class=\"has-text-align-center\">BIC : CMCIFR2A<br\/>CCM PARIS REUILLY ST ANTOINE<br\/>2 rue de Reuilly, 75012 Paris<\/p>\n\n\n\n<hr class=\"wp-block-separator has-css-opacity alignwide\"\/>\n\n\n\n<p class=\"has-text-align-center has-text-color has-large-font-size\" style=\"color:#4699d7\"><strong>MERCI \u00c0 NOS SOUTIENS<\/strong><\/p>\n\n\n\n<p class=\"has-text-align-center has-text-color has-background has-medium-font-size\" style=\"color:#ffffff;background-color:#4699d7\"><strong>\u0e82\u0ead\u0e9a\u0ec3\u0e88<\/strong> <strong>Merci<\/strong> <strong>\u0e02\u0e2d\u0e1a\u0e04\u0e38\u0e13<\/strong> Danke<\/p>\n\n\n\n<div class=\"wp-block-columns is-layout-flex wp-container-core-columns-is-layout-9d6595d7 wp-block-columns-is-layout-flex\">\n<div class=\"wp-block-column is-vertically-aligned-center is-layout-flow wp-block-column-is-layout-flow\" style=\"flex-basis:33.33%\">\n<figure class=\"wp-block-image size-large\"><img loading=\"lazy\" decoding=\"async\" width=\"1024\" height=\"903\" src=\"https:\/\/sujipuli.org\/wp-content\/uploads\/2021\/03\/6AE36FA2-F645-46C8-A42A-877405CE980D-1024x903.png\" alt=\"\" class=\"wp-image-1246\" srcset=\"https:\/\/sujipuli.org\/wp-content\/uploads\/2021\/03\/6AE36FA2-F645-46C8-A42A-877405CE980D-1024x903.png 1024w, https:\/\/sujipuli.org\/wp-content\/uploads\/2021\/03\/6AE36FA2-F645-46C8-A42A-877405CE980D-300x265.png 300w, https:\/\/sujipuli.org\/wp-content\/uploads\/2021\/03\/6AE36FA2-F645-46C8-A42A-877405CE980D-768x677.png 768w, https:\/\/sujipuli.org\/wp-content\/uploads\/2021\/03\/6AE36FA2-F645-46C8-A42A-877405CE980D.png 1287w\" sizes=\"auto, (max-width: 1024px) 100vw, 1024px\" \/><\/figure>\n\n\n\n<p class=\"has-text-align-center\"><a href=\"https:\/\/www.rt20.ch\/\">RT20 NYON LA COTE<\/a><\/p>\n<\/div>\n\n\n\n<div class=\"wp-block-column is-layout-flow wp-block-column-is-layout-flow\" style=\"flex-basis:66.66%\">\n<figure class=\"wp-block-image size-large\"><img loading=\"lazy\" decoding=\"async\" width=\"1024\" height=\"682\" src=\"https:\/\/sujipuli.org\/wp-content\/uploads\/2021\/03\/REMISE-1-1024x682.jpg\" alt=\"\" class=\"wp-image-1245\" srcset=\"https:\/\/sujipuli.org\/wp-content\/uploads\/2021\/03\/REMISE-1-1024x682.jpg 1024w, https:\/\/sujipuli.org\/wp-content\/uploads\/2021\/03\/REMISE-1-300x200.jpg 300w, https:\/\/sujipuli.org\/wp-content\/uploads\/2021\/03\/REMISE-1-768x512.jpg 768w, https:\/\/sujipuli.org\/wp-content\/uploads\/2021\/03\/REMISE-1.jpg 1250w\" sizes=\"auto, (max-width: 1024px) 100vw, 1024px\" \/><\/figure>\n<\/div>\n<\/div>\n<\/div><\/div>\n\n<div style=\"height:50px\" aria-hidden=\"true\" class=\"wp-block-spacer\"><\/div>\n\n<p><\/p>\n","protected":false},"excerpt":{"rendered":"<p>NOS PARTENAIRES Pour continuer \u00e0 se d\u00e9velopper et \u00e0 mener \u00e0 bien ses missions, Sala Sujipuli a besoin de votre aide. Pour soutenir le projet au Laos, SALA SUJIPULI b\u00e9n\u00e9ficie du soutien de deux associations partenaires : ASSOCIATION SUJIPULI SUISSE-LAOS Bas\u00e9e en Suisse, l&rsquo;association soutient le d\u00e9veloppement du centre.Elle \u0153uvre au renforcement des liens entre<a class=\"excerpt-read-more\" href=\"https:\/\/sujipuli.org\/fr\/sujipuli-suisse-laos\/\" title=\"ReadNOS PARTENAIRES\">&#8230; Read more &raquo;<\/a><\/p>\n","protected":false},"author":2,"featured_media":0,"parent":0,"menu_order":0,"comment_status":"closed","ping_status":"closed","template":"","meta":{"_acf_changed":false,"footnotes":""},"class_list":["post-1648","page","type-page","status-publish","hentry"],"acf":[],"_links":{"self":[{"href":"https:\/\/sujipuli.org\/fr\/wp-json\/wp\/v2\/pages\/1648","targetHints":{"allow":["GET"]}}],"collection":[{"href":"https:\/\/sujipuli.org\/fr\/wp-json\/wp\/v2\/pages"}],"about":[{"href":"https:\/\/sujipuli.org\/fr\/wp-json\/wp\/v2\/types\/page"}],"author":[{"embeddable":true,"href":"https:\/\/sujipuli.org\/fr\/wp-json\/wp\/v2\/users\/2"}],"replies":[{"embeddable":true,"href":"https:\/\/sujipuli.org\/fr\/wp-json\/wp\/v2\/comments?post=1648"}],"version-history":[{"count":7,"href":"https:\/\/sujipuli.org\/fr\/wp-json\/wp\/v2\/pages\/1648\/revisions"}],"predecessor-version":[{"id":1871,"href":"https:\/\/sujipuli.org\/fr\/wp-json\/wp\/v2\/pages\/1648\/revisions\/1871"}],"wp:attachment":[{"href":"https:\/\/sujipuli.org\/fr\/wp-json\/wp\/v2\/media?parent=1648"}],"curies":[{"name":"wp","href":"https:\/\/api.w.org\/{rel}","templated":true}]}}