{"id":1628,"date":"2020-01-30T11:27:00","date_gmt":"2020-01-30T11:27:00","guid":{"rendered":"https:\/\/sujipuli.org\/accueil\/"},"modified":"2026-04-20T01:19:52","modified_gmt":"2026-04-20T01:19:52","slug":"accueil","status":"publish","type":"page","link":"https:\/\/sujipuli.org\/fr\/","title":{"rendered":"Accueil"},"content":{"rendered":"\n<div class=\"wp-block-cover alignfull is-light\" style=\"min-height:500px;aspect-ratio:unset;\"><img loading=\"lazy\" decoding=\"async\" width=\"2560\" height=\"1707\" class=\"wp-block-cover__image-background wp-image-247\" alt=\"\" src=\"https:\/\/sujipuli.org\/wp-content\/uploads\/2020\/10\/2020.08.15_ACTIVITY1-scaled.jpg\" style=\"object-position:47% 41%\" data-object-fit=\"cover\" data-object-position=\"47% 41%\" srcset=\"https:\/\/sujipuli.org\/wp-content\/uploads\/2020\/10\/2020.08.15_ACTIVITY1-scaled.jpg 2560w, https:\/\/sujipuli.org\/wp-content\/uploads\/2020\/10\/2020.08.15_ACTIVITY1-300x200.jpg 300w, https:\/\/sujipuli.org\/wp-content\/uploads\/2020\/10\/2020.08.15_ACTIVITY1-1024x683.jpg 1024w, https:\/\/sujipuli.org\/wp-content\/uploads\/2020\/10\/2020.08.15_ACTIVITY1-768x512.jpg 768w, https:\/\/sujipuli.org\/wp-content\/uploads\/2020\/10\/2020.08.15_ACTIVITY1-1536x1024.jpg 1536w, https:\/\/sujipuli.org\/wp-content\/uploads\/2020\/10\/2020.08.15_ACTIVITY1-2048x1365.jpg 2048w, https:\/\/sujipuli.org\/wp-content\/uploads\/2020\/10\/2020.08.15_ACTIVITY1-1920x1280.jpg 1920w\" sizes=\"auto, (max-width: 2560px) 100vw, 2560px\" \/><span aria-hidden=\"true\" class=\"wp-block-cover__background has-background-dim-0 has-background-dim\"><\/span><div class=\"wp-block-cover__inner-container is-layout-flow wp-block-cover-is-layout-flow\">\n<h2 class=\"wp-block-heading has-text-align-center has-text-color has-link-color has-large-font-size wp-elements-786910177040523deee8818e5aa98653\" style=\"color:#fffefe\"><em>\u00ab \u00c9couter, penser, questionner, \u00e9crire \u00bb<\/em><br><strong>SUJIPULI<\/strong> est comme une mantra,<br>symbole de patience et de pers\u00e9v\u00e9rance.<\/h2>\n<\/div><\/div>\n\n\n\n<div style=\"height:50px\" aria-hidden=\"true\" class=\"wp-block-spacer\"><\/div>\n\n\n\n<div class=\"wp-block-group is-style-has-background-img\"><div class=\"wp-block-group__inner-container is-layout-flow wp-block-group-is-layout-flow\">\n<p class=\"has-text-align-center has-text-color has-large-font-size\" style=\"color:#4699d7\"><strong>QU&rsquo;EST-CE QUE SALA SUJIPULI ?<\/strong><\/p>\n\n\n\n<p class=\"has-text-align-left\">SALA SUJIPULI est un projet visant \u00e0 cr\u00e9er des opportunit\u00e9s durables d\u2019apprentissage tout au long de la vie, en favorisant l\u2019autonomisation des jeunes gr\u00e2ce \u00e0 la mise \u00e0 disposition de ressources et d\u2019activit\u00e9s \u00e9ducatives, r\u00e9cr\u00e9atives et culturelles pour les enfants \u00e2g\u00e9s de 4 \u00e0 15 ans.<\/p>\n\n\n\n<p>Au Laos, il existe encore tr\u00e8s peu de centres offrant aux enfants un environnement favorable pour apprendre en dehors du temps scolaire. Ainsi, SALA SUJIPULI vise \u00e0 offrir un espace d\u2019apprentissage alternatif o\u00f9 les enfants peuvent passer du temps avant, pendant et apr\u00e8s l\u2019\u00e9cole, afin d\u2019interagir avec les autres et de d\u00e9couvrir un large \u00e9ventail de nouvelles exp\u00e9riences.<\/p>\n\n\n\n<p>L\u2019objectif sp\u00e9cifique de SALA SUJIPULI est de d\u00e9velopper les comp\u00e9tences de lecture des enfants \u2014 principalement dans leur langue maternelle \u2014 ainsi que de renforcer leurs comp\u00e9tences linguistiques, leurs capacit\u00e9s de recherche, leur esprit critique et leur cr\u00e9ativit\u00e9 \u00e0 travers une vari\u00e9t\u00e9 d\u2019activit\u00e9s \u00e9ducatives et culturelles.<\/p>\n\n\n\n<p>Apr\u00e8s cinq ann\u00e9es d\u2019exp\u00e9rience et de d\u00e9veloppement \u00e0 travers SALA SUJIPULI, nous sommes fiers d\u2019\u00e9tendre notre mission avec la cr\u00e9ation de PASOM PASAN, un nouveau centre bas\u00e9 \u00e0 Luang Prabang, d\u00e9di\u00e9 aux adolescents et aux jeunes adultes. Alors que SALA SUJIPULI se concentre sur l\u2019alphab\u00e9tisation et l\u2019apprentissage pr\u00e9coce, PASOM PASAN s\u2019appuie sur ces bases en proposant des formations en arts, artisanat et comp\u00e9tences culturelles, accompagnant ainsi les jeunes dans leur d\u00e9veloppement vers des individus cr\u00e9atifs et qualifi\u00e9s.<\/p>\n\n\n\n<p>Plusieurs activit\u00e9s culturelles et d\u2019\u00e9ducation non formelle sont propos\u00e9es quotidiennement dans les deux centres, telles que la litt\u00e9rature lao, la narration d\u2019histoires, les jeux traditionnels, les arts et l\u2019artisanat, ainsi que des formations artisanales pratiques. \u00c0 travers ces activit\u00e9s, SALA SUJIPULI et PASOM PASAN visent \u00e0 cr\u00e9er des environnements d\u2019apprentissage significatifs qui encouragent la curiosit\u00e9, la cr\u00e9ativit\u00e9, la fiert\u00e9 culturelle et l\u2019engagement communautaire.<\/p>\n\n\n\n<p>Les activit\u00e9s de SALA SUJIPULI et de PASOM PASAN reposent sur les principes suivants :<\/p>\n\n\n\n<div class=\"wp-block-columns are-vertically-aligned-top no-space is-layout-flex wp-container-core-columns-is-layout-9d6595d7 wp-block-columns-is-layout-flex\">\n<div class=\"wp-block-column is-vertically-aligned-top is-layout-flow wp-block-column-is-layout-flow\" style=\"flex-basis:10%\"><div class=\"wp-block-image\">\n<figure class=\"alignleft size-medium is-resized\"><img loading=\"lazy\" decoding=\"async\" width=\"300\" height=\"300\" src=\"https:\/\/sujipuli.org\/wp-content\/uploads\/2020\/11\/NUMBER_1-10-300x300.png\" alt=\"\" class=\"wp-image-761\" style=\"width:75px;height:75px\" srcset=\"https:\/\/sujipuli.org\/wp-content\/uploads\/2020\/11\/NUMBER_1-10-300x300.png 300w, https:\/\/sujipuli.org\/wp-content\/uploads\/2020\/11\/NUMBER_1-10-150x150.png 150w, https:\/\/sujipuli.org\/wp-content\/uploads\/2020\/11\/NUMBER_1-10-125x125.png 125w, https:\/\/sujipuli.org\/wp-content\/uploads\/2020\/11\/NUMBER_1-10.png 472w\" sizes=\"auto, (max-width: 300px) 100vw, 300px\" \/><\/figure>\n<\/div><\/div>\n\n\n\n<div class=\"wp-block-column is-vertically-aligned-top is-layout-flow wp-block-column-is-layout-flow\">\n<h3 class=\"wp-block-heading\"><strong>Fournir des ressources \u00e9ducatives, r\u00e9cr\u00e9atives et culturelles aux enfants et aux jeunes, et soutenir leur d\u00e9veloppement.<\/strong><\/h3>\n<\/div>\n<\/div>\n\n\n\n<div class=\"wp-block-columns are-vertically-aligned-top no-space is-layout-flex wp-container-core-columns-is-layout-9d6595d7 wp-block-columns-is-layout-flex\">\n<div class=\"wp-block-column is-vertically-aligned-top is-layout-flow wp-block-column-is-layout-flow\" style=\"flex-basis:10%\"><div class=\"wp-block-image\">\n<figure class=\"alignleft size-medium is-resized\"><img loading=\"lazy\" decoding=\"async\" width=\"300\" height=\"300\" src=\"https:\/\/sujipuli.org\/wp-content\/uploads\/2020\/11\/NUMBER_2-2-300x300.png\" alt=\"\" class=\"wp-image-768\" style=\"width:75px;height:75px\" srcset=\"https:\/\/sujipuli.org\/wp-content\/uploads\/2020\/11\/NUMBER_2-2-300x300.png 300w, https:\/\/sujipuli.org\/wp-content\/uploads\/2020\/11\/NUMBER_2-2-150x150.png 150w, https:\/\/sujipuli.org\/wp-content\/uploads\/2020\/11\/NUMBER_2-2-125x125.png 125w, https:\/\/sujipuli.org\/wp-content\/uploads\/2020\/11\/NUMBER_2-2.png 472w\" sizes=\"auto, (max-width: 300px) 100vw, 300px\" \/><\/figure>\n<\/div><\/div>\n\n\n\n<div class=\"wp-block-column is-vertically-aligned-top is-layout-flow wp-block-column-is-layout-flow\" style=\"flex-basis:80%\">\n<h3 class=\"wp-block-heading\"><strong>D\u00e9velopper des comp\u00e9tences en mati\u00e8re de lecture, de recherche et de cr\u00e9ativit\u00e9<\/strong><\/h3>\n<\/div>\n<\/div>\n\n\n\n<div class=\"wp-block-columns are-vertically-aligned-top no-space is-layout-flex wp-container-core-columns-is-layout-9d6595d7 wp-block-columns-is-layout-flex\">\n<div class=\"wp-block-column is-vertically-aligned-top is-layout-flow wp-block-column-is-layout-flow\" style=\"flex-basis:10%\"><div class=\"wp-block-image\">\n<figure class=\"alignleft size-medium is-resized\"><img loading=\"lazy\" decoding=\"async\" width=\"300\" height=\"300\" src=\"https:\/\/sujipuli.org\/wp-content\/uploads\/2020\/11\/NUMBER_3-4-300x300.png\" alt=\"\" class=\"wp-image-771\" style=\"width:75px;height:75px\" srcset=\"https:\/\/sujipuli.org\/wp-content\/uploads\/2020\/11\/NUMBER_3-4-300x300.png 300w, https:\/\/sujipuli.org\/wp-content\/uploads\/2020\/11\/NUMBER_3-4-150x150.png 150w, https:\/\/sujipuli.org\/wp-content\/uploads\/2020\/11\/NUMBER_3-4-125x125.png 125w, https:\/\/sujipuli.org\/wp-content\/uploads\/2020\/11\/NUMBER_3-4.png 472w\" sizes=\"auto, (max-width: 300px) 100vw, 300px\" \/><\/figure>\n<\/div><\/div>\n\n\n\n<div class=\"wp-block-column is-vertically-aligned-top is-layout-flow wp-block-column-is-layout-flow\" style=\"flex-basis:80%\">\n<h3 class=\"wp-block-heading\"><strong>Soutenir et pr\u00e9server les cultures et les traditions du Laos<\/strong><\/h3>\n\n\n\n<p><\/p>\n<\/div>\n<\/div>\n\n\n\n<div class=\"wp-block-columns are-vertically-aligned-top is-layout-flex wp-container-core-columns-is-layout-9d6595d7 wp-block-columns-is-layout-flex\">\n<div class=\"wp-block-column is-vertically-aligned-top is-layout-flow wp-block-column-is-layout-flow\" style=\"flex-basis:10%\"><div class=\"wp-block-image\">\n<figure class=\"alignleft size-medium is-resized\"><img loading=\"lazy\" decoding=\"async\" width=\"300\" height=\"300\" src=\"https:\/\/sujipuli.org\/wp-content\/uploads\/2020\/11\/NUMBER_4-2-300x300.png\" alt=\"\" class=\"wp-image-774\" style=\"width:75px;height:75px\" srcset=\"https:\/\/sujipuli.org\/wp-content\/uploads\/2020\/11\/NUMBER_4-2-300x300.png 300w, https:\/\/sujipuli.org\/wp-content\/uploads\/2020\/11\/NUMBER_4-2-150x150.png 150w, https:\/\/sujipuli.org\/wp-content\/uploads\/2020\/11\/NUMBER_4-2-125x125.png 125w, https:\/\/sujipuli.org\/wp-content\/uploads\/2020\/11\/NUMBER_4-2.png 472w\" sizes=\"auto, (max-width: 300px) 100vw, 300px\" \/><\/figure>\n<\/div><\/div>\n\n\n\n<div class=\"wp-block-column is-vertically-aligned-top is-layout-flow wp-block-column-is-layout-flow\" style=\"flex-basis:80%\">\n<h3 class=\"wp-block-heading no-space\"><strong>Cr\u00e9er un espace d&rsquo;apprentissage et de rassemblement pour les communaut\u00e9s locales<\/strong><\/h3>\n\n\n\n<p><\/p>\n<\/div>\n<\/div>\n\n\n\n<p class=\"has-text-align-center has-large-font-size\">Suivez-nous sur Facebook<\/p>\n\n\n\n<ul class=\"wp-block-social-links aligncenter is-style-pill-shape is-layout-flex wp-block-social-links-is-layout-flex\"><li class=\"wp-social-link wp-social-link-facebook  wp-block-social-link\"><a href=\"https:\/\/www.facebook.com\/salasujipuli\" class=\"wp-block-social-link-anchor\"><svg width=\"24\" height=\"24\" viewBox=\"0 0 24 24\" version=\"1.1\" xmlns=\"http:\/\/www.w3.org\/2000\/svg\" aria-hidden=\"true\" focusable=\"false\"><path d=\"M12 2C6.5 2 2 6.5 2 12c0 5 3.7 9.1 8.4 9.9v-7H7.9V12h2.5V9.8c0-2.5 1.5-3.9 3.8-3.9 1.1 0 2.2.2 2.2.2v2.5h-1.3c-1.2 0-1.6.8-1.6 1.6V12h2.8l-.4 2.9h-2.3v7C18.3 21.1 22 17 22 12c0-5.5-4.5-10-10-10z\"><\/path><\/svg><span class=\"wp-block-social-link-label screen-reader-text\">Facebook<\/span><\/a><\/li><\/ul>\n<\/div><\/div>\n\n\n\n<div style=\"height:50px\" aria-hidden=\"true\" class=\"wp-block-spacer\"><\/div>\n\n\n\n<p><\/p>\n","protected":false},"excerpt":{"rendered":"<p>QU&rsquo;EST-CE QUE SALA SUJIPULI ? SALA SUJIPULI est un projet visant \u00e0 cr\u00e9er des opportunit\u00e9s durables d\u2019apprentissage tout au long de la vie, en favorisant l\u2019autonomisation des jeunes gr\u00e2ce \u00e0 la mise \u00e0 disposition de ressources et d\u2019activit\u00e9s \u00e9ducatives, r\u00e9cr\u00e9atives et culturelles pour les enfants \u00e2g\u00e9s de 4 \u00e0 15 ans. Au Laos, il existe<a class=\"excerpt-read-more\" href=\"https:\/\/sujipuli.org\/fr\/\" title=\"ReadAccueil\">&#8230; Read more &raquo;<\/a><\/p>\n","protected":false},"author":1,"featured_media":0,"parent":0,"menu_order":0,"comment_status":"closed","ping_status":"closed","template":"","meta":{"_acf_changed":false,"footnotes":""},"class_list":["post-1628","page","type-page","status-publish","hentry"],"acf":[],"_links":{"self":[{"href":"https:\/\/sujipuli.org\/fr\/wp-json\/wp\/v2\/pages\/1628","targetHints":{"allow":["GET"]}}],"collection":[{"href":"https:\/\/sujipuli.org\/fr\/wp-json\/wp\/v2\/pages"}],"about":[{"href":"https:\/\/sujipuli.org\/fr\/wp-json\/wp\/v2\/types\/page"}],"author":[{"embeddable":true,"href":"https:\/\/sujipuli.org\/fr\/wp-json\/wp\/v2\/users\/1"}],"replies":[{"embeddable":true,"href":"https:\/\/sujipuli.org\/fr\/wp-json\/wp\/v2\/comments?post=1628"}],"version-history":[{"count":6,"href":"https:\/\/sujipuli.org\/fr\/wp-json\/wp\/v2\/pages\/1628\/revisions"}],"predecessor-version":[{"id":2073,"href":"https:\/\/sujipuli.org\/fr\/wp-json\/wp\/v2\/pages\/1628\/revisions\/2073"}],"wp:attachment":[{"href":"https:\/\/sujipuli.org\/fr\/wp-json\/wp\/v2\/media?parent=1628"}],"curies":[{"name":"wp","href":"https:\/\/api.w.org\/{rel}","templated":true}]}}